{"id":62,"date":"2020-12-29T16:37:59","date_gmt":"2020-12-29T16:37:59","guid":{"rendered":"https:\/\/vihepublications.com\/en\/?post_type=product&#038;p=62"},"modified":"2025-01-07T07:24:15","modified_gmt":"2025-01-07T07:24:15","slug":"the-veil-begins-to-part","status":"publish","type":"product","link":"https:\/\/vihepublications.com\/en\/books\/the-veil-begins-to-part\/","title":{"rendered":"The Veil Begins To Part: A Detailed Overview of Srimad Bhagavatam Cantos Five and Six"},"content":{"rendered":"<p>[et_pb_section fb_built=&#8221;1&#8243; _builder_version=&#8221;4.16&#8243; custom_padding=&#8221;0px||||false|false&#8221; global_colors_info=&#8221;{}&#8221;][et_pb_row _builder_version=&#8221;4.16&#8243; background_size=&#8221;initial&#8221; background_position=&#8221;top_left&#8221; background_repeat=&#8221;repeat&#8221; width=&#8221;100%&#8221; custom_padding=&#8221;0px||0px||false|false&#8221; global_colors_info=&#8221;{}&#8221;][et_pb_column type=&#8221;4_4&#8243; _builder_version=&#8221;4.16&#8243; custom_padding=&#8221;|||&#8221; global_colors_info=&#8221;{}&#8221; custom_padding__hover=&#8221;|||&#8221;][et_pb_wc_breadcrumb _builder_version=&#8221;4.16&#8243; global_colors_info=&#8221;{}&#8221;][\/et_pb_wc_breadcrumb][et_pb_wc_cart_notice _builder_version=&#8221;4.16&#8243; global_colors_info=&#8221;{}&#8221;][\/et_pb_wc_cart_notice][\/et_pb_column][\/et_pb_row][et_pb_row column_structure=&#8221;1_2,1_2&#8243; _builder_version=&#8221;4.16&#8243; background_size=&#8221;initial&#8221; background_position=&#8221;top_left&#8221; background_repeat=&#8221;repeat&#8221; width=&#8221;100%&#8221; custom_padding=&#8221;0px||||false|false&#8221; global_colors_info=&#8221;{}&#8221;][et_pb_column type=&#8221;1_2&#8243; _builder_version=&#8221;4.16&#8243; custom_padding=&#8221;|||&#8221; global_colors_info=&#8221;{}&#8221; custom_padding__hover=&#8221;|||&#8221;][et_pb_wc_images _builder_version=&#8221;4.16&#8243; global_colors_info=&#8221;{}&#8221;][\/et_pb_wc_images][\/et_pb_column][et_pb_column type=&#8221;1_2&#8243; _builder_version=&#8221;4.16&#8243; custom_padding=&#8221;|||&#8221; global_colors_info=&#8221;{}&#8221; custom_padding__hover=&#8221;|||&#8221;][et_pb_wc_title _builder_version=&#8221;4.16&#8243; global_colors_info=&#8221;{}&#8221;][\/et_pb_wc_title][et_pb_wc_price _builder_version=&#8221;4.16&#8243; global_colors_info=&#8221;{}&#8221;][\/et_pb_wc_price][et_pb_wc_description _builder_version=&#8221;4.16&#8243; global_colors_info=&#8221;{}&#8221;][\/et_pb_wc_description][et_pb_wc_add_to_cart _builder_version=&#8221;4.16&#8243; global_colors_info=&#8221;{}&#8221;][\/et_pb_wc_add_to_cart][\/et_pb_column][\/et_pb_row][et_pb_row _builder_version=&#8221;4.16&#8243; background_size=&#8221;initial&#8221; background_position=&#8221;top_left&#8221; background_repeat=&#8221;repeat&#8221; width=&#8221;100%&#8221; global_colors_info=&#8221;{}&#8221;][et_pb_column type=&#8221;4_4&#8243; _builder_version=&#8221;4.16&#8243; custom_padding=&#8221;|||&#8221; global_colors_info=&#8221;{}&#8221; custom_padding__hover=&#8221;|||&#8221;][et_pb_wc_upsells _builder_version=&#8221;4.16&#8243; global_colors_info=&#8221;{}&#8221;][\/et_pb_wc_upsells][\/et_pb_column][\/et_pb_row][\/et_pb_section]<\/p>\n","protected":false},"excerpt":{"rendered":"<p>The study of \u015ar\u012bmad-Bh\u0101gavatam is always glorious, and one who has experienced pleasure from hearing, chanting, and reading this transcendental literature will never be attracted by any mundane book.\u201d (\u015ar\u012bmad-Bh\u0101gavatam 12.13.15) The Veil Begins to Part continues the reader\u2019s journey through this great work with a study of the Fifth and Sixth cantos. By joining the translations and purports of \u015ar\u012bla Prabhup\u0101da with the commentaries of other \u0101c\u0101ryas, this detailed overview becomes a complement to \u015ar\u012bla Prabhup\u0101da\u2019s presentation and a seamless narrative that will assist the reader in grasping the message of \u015ar\u012bmad-Bh\u0101gavatam as it was originally delivered by \u015aukadeva Gosw\u0101m\u012b.<\/p>\n<p>Canto Five begins by capturing the essence of the extraordinary deeds and teachings of saintly kings like Priyavrata, \u1e5a\u1e63abhadeva, and, over three lifetimes, of His son Bharata. It then shifts to explain the structure of this world, including descriptions of the residents of Jamb\u016bdv\u012bpa and their prayers to their respective i\u1e63\u1e6da-devas, then the structure of the universe, and the inconceivable potencies of the Supreme Lord. Canto Six presents the Lord\u2019s affection for His devotees and in particular, the power of serving Him, in the histories of Aj\u0101mila, Dak\u1e63a, Citraketu, Indra, V\u1e5btr\u0101sura, and Diti.<\/p>\n","protected":false},"featured_media":51,"template":"","meta":{"nf_dc_page":"","_et_pb_use_builder":"on","_et_pb_old_content":"The study of \u015ar\u012bmad-Bh\u0101gavatam is always glorious, and one who has experienced pleasure from hearing, chanting, and reading this transcendental literature will never be attracted by any mundane book.\u201d (\u015ar\u012bmad-Bh\u0101gavatam 12.13.15) The Veil Begins to Part continues the reader\u2019s journey through this great work with a study of the Fifth and Sixth cantos. By joining the translations and purports of \u015ar\u012bla Prabhup\u0101da with the commentaries of other \u0101c\u0101ryas, this detailed overview becomes a complement to \u015ar\u012bla Prabhup\u0101da\u2019s presentation and a seamless narrative that will assist the reader in grasping the message of \u015ar\u012bmad-Bh\u0101gavatam as it was originally delivered by \u015aukadeva Gosw\u0101m\u012b.\r\n\r\nCanto Five begins by capturing the essence of the extraordinary deeds and teachings of saintly kings like Priyavrata, \u1e5a\u1e63abhadeva, and, over three lifetimes, of His son Bharata. It then shifts to explain the structure of this world, including descriptions of the residents of Jamb\u016bdv\u012bpa and their prayers to their respective i\u1e63\u1e6da-devas, then the structure of the universe, and the inconceivable potencies of the Supreme Lord. Canto Six presents the Lord\u2019s affection for His devotees and in particular, the power of serving Him, in the histories of Aj\u0101mila, Dak\u1e63a, Citraketu, Indra, V\u1e5btr\u0101sura, and Diti.","_et_gb_content_width":""},"product_brand":[],"product_cat":[16],"product_tag":[],"class_list":{"0":"post-62","1":"product","2":"type-product","3":"status-publish","4":"has-post-thumbnail","6":"product_cat-books","8":"first","9":"instock","10":"shipping-taxable","11":"purchasable","12":"product-type-simple"},"_links":{"self":[{"href":"https:\/\/vihepublications.com\/en\/wp-json\/wp\/v2\/product\/62","targetHints":{"allow":["GET"]}}],"collection":[{"href":"https:\/\/vihepublications.com\/en\/wp-json\/wp\/v2\/product"}],"about":[{"href":"https:\/\/vihepublications.com\/en\/wp-json\/wp\/v2\/types\/product"}],"wp:featuredmedia":[{"embeddable":true,"href":"https:\/\/vihepublications.com\/en\/wp-json\/wp\/v2\/media\/51"}],"wp:attachment":[{"href":"https:\/\/vihepublications.com\/en\/wp-json\/wp\/v2\/media?parent=62"}],"wp:term":[{"taxonomy":"product_brand","embeddable":true,"href":"https:\/\/vihepublications.com\/en\/wp-json\/wp\/v2\/product_brand?post=62"},{"taxonomy":"product_cat","embeddable":true,"href":"https:\/\/vihepublications.com\/en\/wp-json\/wp\/v2\/product_cat?post=62"},{"taxonomy":"product_tag","embeddable":true,"href":"https:\/\/vihepublications.com\/en\/wp-json\/wp\/v2\/product_tag?post=62"}],"curies":[{"name":"wp","href":"https:\/\/api.w.org\/{rel}","templated":true}]}}