{"id":453,"date":"2024-09-27T04:24:01","date_gmt":"2024-09-27T04:24:01","guid":{"rendered":"https:\/\/vihepublications.com\/en\/?post_type=product&#038;p=453"},"modified":"2025-01-07T07:23:48","modified_gmt":"2025-01-07T07:23:48","slug":"towards-his-smiling-face-a-detailed-overview-of-srimad-bhagavatam-cantos-seven-nine","status":"publish","type":"product","link":"https:\/\/vihepublications.com\/en\/books\/towards-his-smiling-face-a-detailed-overview-of-srimad-bhagavatam-cantos-seven-nine\/","title":{"rendered":"Towards His Smiling Face: A Detailed Overview of Srimad Bhagavatam Cantos Seven\u2013Nine"},"content":{"rendered":"<p>[et_pb_section fb_built=&#8221;1&#8243; _builder_version=&#8221;4.16&#8243; custom_padding=&#8221;0px||||false|false&#8221; global_colors_info=&#8221;{}&#8221;][et_pb_row _builder_version=&#8221;4.16&#8243; background_size=&#8221;initial&#8221; background_position=&#8221;top_left&#8221; background_repeat=&#8221;repeat&#8221; width=&#8221;100%&#8221; custom_padding=&#8221;0px||0px||false|false&#8221; global_colors_info=&#8221;{}&#8221;][et_pb_column type=&#8221;4_4&#8243; _builder_version=&#8221;4.16&#8243; custom_padding=&#8221;|||&#8221; global_colors_info=&#8221;{}&#8221; custom_padding__hover=&#8221;|||&#8221;][et_pb_wc_breadcrumb _builder_version=&#8221;4.16&#8243; global_colors_info=&#8221;{}&#8221;][\/et_pb_wc_breadcrumb][et_pb_wc_cart_notice _builder_version=&#8221;4.16&#8243; global_colors_info=&#8221;{}&#8221;][\/et_pb_wc_cart_notice][\/et_pb_column][\/et_pb_row][et_pb_row column_structure=&#8221;1_2,1_2&#8243; _builder_version=&#8221;4.16&#8243; background_size=&#8221;initial&#8221; background_position=&#8221;top_left&#8221; background_repeat=&#8221;repeat&#8221; width=&#8221;100%&#8221; custom_padding=&#8221;0px||||false|false&#8221; global_colors_info=&#8221;{}&#8221;][et_pb_column type=&#8221;1_2&#8243; _builder_version=&#8221;4.16&#8243; custom_padding=&#8221;|||&#8221; global_colors_info=&#8221;{}&#8221; custom_padding__hover=&#8221;|||&#8221;][et_pb_wc_images _builder_version=&#8221;4.16&#8243; global_colors_info=&#8221;{}&#8221;][\/et_pb_wc_images][\/et_pb_column][et_pb_column type=&#8221;1_2&#8243; _builder_version=&#8221;4.16&#8243; custom_padding=&#8221;|||&#8221; global_colors_info=&#8221;{}&#8221; custom_padding__hover=&#8221;|||&#8221;][et_pb_wc_title _builder_version=&#8221;4.16&#8243; global_colors_info=&#8221;{}&#8221;][\/et_pb_wc_title][et_pb_wc_rating _builder_version=&#8221;4.16&#8243; global_colors_info=&#8221;{}&#8221;][\/et_pb_wc_rating][et_pb_wc_price _builder_version=&#8221;4.16&#8243; global_colors_info=&#8221;{}&#8221;][\/et_pb_wc_price][et_pb_wc_description _builder_version=&#8221;4.16&#8243; global_colors_info=&#8221;{}&#8221;][\/et_pb_wc_description][et_pb_wc_add_to_cart _builder_version=&#8221;4.16&#8243; global_colors_info=&#8221;{}&#8221;][\/et_pb_wc_add_to_cart][\/et_pb_column][\/et_pb_row][\/et_pb_section]<\/p>\n","protected":false},"excerpt":{"rendered":"<p>The study of \u015ar\u012bmad-Bh\u0101gavatam is always glorious, and one who has experienced pleasure from hearing, chanting, and reading this transcendental literature will never be attracted by any mundane book.\u201d (\u015ar\u012bmad-Bh\u0101gavatam 12.13.15)<br \/>\nToward His Smiling Face is the last in the Overview of Srimad-Bhagavatam series before we arrive at Canto 10. Cantos 7-9 continue the journey toward &#8220;the smiling face of Kr\u015f\u0146a,&#8221; revealed in Sukadeva Gosv\u00e4mi&#8217;s pure-hearted account of Kr\u015f\u0146a as the fullest expression of the Supreme Personality of Godhead. Like the Bhagavatam&#8217;s earlier cantos, these three cantos don&#8217;t simply fill space until we arrive at Canto Ten. Just as each of Krsna&#8217;s limbs has unique charm, so cantos 7-9 provide a rare glimpse into the hearts of exalted devotees and the Lord Himself &#8211; drawing us, like travelers coming home, to a face-to-face encounter with \u015ar\u012b K\u1e5b\u015f\u0146a, jewel of Vraja<\/p>\n","protected":false},"featured_media":454,"template":"","meta":{"nf_dc_page":"","_et_pb_use_builder":"on","_et_pb_old_content":"","_et_gb_content_width":""},"product_brand":[],"product_cat":[16],"product_tag":[],"class_list":{"0":"post-453","1":"product","2":"type-product","3":"status-publish","4":"has-post-thumbnail","6":"product_cat-books","8":"first","9":"instock","10":"shipping-taxable","11":"purchasable","12":"product-type-simple"},"_links":{"self":[{"href":"https:\/\/vihepublications.com\/en\/wp-json\/wp\/v2\/product\/453","targetHints":{"allow":["GET"]}}],"collection":[{"href":"https:\/\/vihepublications.com\/en\/wp-json\/wp\/v2\/product"}],"about":[{"href":"https:\/\/vihepublications.com\/en\/wp-json\/wp\/v2\/types\/product"}],"wp:featuredmedia":[{"embeddable":true,"href":"https:\/\/vihepublications.com\/en\/wp-json\/wp\/v2\/media\/454"}],"wp:attachment":[{"href":"https:\/\/vihepublications.com\/en\/wp-json\/wp\/v2\/media?parent=453"}],"wp:term":[{"taxonomy":"product_brand","embeddable":true,"href":"https:\/\/vihepublications.com\/en\/wp-json\/wp\/v2\/product_brand?post=453"},{"taxonomy":"product_cat","embeddable":true,"href":"https:\/\/vihepublications.com\/en\/wp-json\/wp\/v2\/product_cat?post=453"},{"taxonomy":"product_tag","embeddable":true,"href":"https:\/\/vihepublications.com\/en\/wp-json\/wp\/v2\/product_tag?post=453"}],"curies":[{"name":"wp","href":"https:\/\/api.w.org\/{rel}","templated":true}]}}